{"id":162,"date":"2022-09-11T16:17:21","date_gmt":"2022-09-11T16:17:21","guid":{"rendered":"https:\/\/www.ganhoescastroverde.com.pt\/?page_id=162"},"modified":"2023-10-05T17:45:32","modified_gmt":"2023-10-05T17:45:32","slug":"resumo-biografico","status":"publish","type":"page","link":"https:\/\/www.ganhoescastroverde.com.pt\/?page_id=162","title":{"rendered":"Resumo Biogr\u00e1fico"},"content":{"rendered":"\n<h2 class=\"wp-block-heading\">Resumo Biogr\u00e1fico<\/h2>\n\n\n\n<h4 class=\"wp-block-heading\">\u201cOs Ganh\u00f5es de Castro Verde\u201d<\/h4>\n\n\n\n<hr class=\"wp-block-separator has-text-color has-foreground-color has-alpha-channel-opacity has-foreground-background-color has-background is-style-dots\"\/>\n\n\n\n<div class=\"wp-block-columns is-layout-flex wp-container-core-columns-is-layout-28f84493 wp-block-columns-is-layout-flex\">\n<div class=\"wp-block-column is-layout-flow wp-block-column-is-layout-flow\">\n<p><strong>1972<\/strong><\/p>\n\n\n\n<ul class=\"wp-block-list\">\n<li>Primeira data de forma\u00e7\u00e3o do Grupo Coral \u201cOs Ganh\u00f5es\u201d de Castro Verde. Desde ent\u00e3o o grupo tem mantido a actividade, embora tenha registado dois breves per\u00edodos de interregno.<\/li>\n<\/ul>\n<\/div>\n\n\n\n<div class=\"wp-block-column is-vertically-aligned-bottom is-layout-flow wp-block-column-is-layout-flow\">\n<figure class=\"wp-block-image alignright size-full is-resized\"><img loading=\"lazy\" decoding=\"async\" src=\"https:\/\/www.ganhoescastroverde.com.pt\/wp-content\/uploads\/2022\/09\/old_foto.jpg\" alt=\"\" class=\"wp-image-169\" style=\"width:285px;height:204px\" width=\"285\" height=\"204\"\/><\/figure>\n<\/div>\n<\/div>\n\n\n\n<p><strong>1975<\/strong><\/p>\n\n\n\n<ul class=\"wp-block-list\">\n<li>Edita o LP \u201cCastro Verde \u00c9 Nossa Terra\u201d<\/li>\n<\/ul>\n\n\n\n<p><strong>1980<\/strong><\/p>\n\n\n\n<ul class=\"wp-block-list\">\n<li>O Grupo ganha o 1\u00ba Pr\u00e9mio do Concurso de Coros Alentejanos realizado na Casa do Alentejo em Lisboa.<\/li>\n\n\n\n<li>Edita o LP \u201cGanh\u00f5es de Castro Verde\u201d.<\/li>\n<\/ul>\n\n\n\n<p><strong>1994<\/strong><\/p>\n\n\n\n<ul class=\"wp-block-list\">\n<li>Edita o CD \u201cModas Alentejanas\u201d, tendo sido considerado pela cr\u00edtica especializada o melhor disco de M\u00fasica \u00c9tnica.<\/li>\n\n\n\n<li>Participa no Festival Internacional de M\u00fasica Folk de Vancouver (Canad\u00e1).<\/li>\n<\/ul>\n\n\n\n<p><strong>1995<\/strong><\/p>\n\n\n\n<ul class=\"wp-block-list\">\n<li>Participa no Projecto \u201cPace et Salute\u201d de homenagem a Michel Giacommetti, conjuntamente com outros coros alentejanos e as polifonias da Corsega.<\/li>\n<\/ul>\n\n\n\n<p><strong>1995<\/strong><\/p>\n\n\n\n<ul class=\"wp-block-list\">\n<li>\u00c9 constitu\u00edda a Associa\u00e7\u00e3o de Cante Alentejano \u201cOs Ganh\u00f5es&#8221;<\/li>\n<\/ul>\n\n\n\n<p><strong>1997<\/strong><\/p>\n\n\n\n<ul class=\"wp-block-list\">\n<li>Edita o CD \u201c\u00c9 T\u00e3o Grande o Alentejo\u201d.<\/li>\n<\/ul>\n\n\n\n<p><strong>2000<\/strong><\/p>\n\n\n\n<ul class=\"wp-block-list\">\n<li>Participa no \u00e1lbum \u201cPrimeiro Canto\u201d de Dulce Pontes.<\/li>\n\n\n\n<li>Participa na Tourn\u00e9e \u201cPrimeiro Canto\u201dde Dulce Pontes.<\/li>\n<\/ul>\n\n\n\n<p><strong>2001<\/strong><\/p>\n\n\n\n<ul class=\"wp-block-list\">\n<li>Participa no Festival Internacional de M\u00fasica de Krems (\u00c1ustria) onde animam uma noite dedicada a Portugal conjuntamente com os Madredeus.<\/li>\n<\/ul>\n\n\n\n<p><strong>2002<\/strong><\/p>\n\n\n\n<ul class=\"wp-block-list\">\n<li>Participa no Festa Europeia da M\u00fasica em Santa Maria da Feira.<\/li>\n<\/ul>\n\n\n\n<p><strong>2003<\/strong><\/p>\n\n\n\n<ul class=\"wp-block-list\">\n<li>Edita o CD \u201cO C\u00edrculo Que Leva a Lua\u201d<\/li>\n<\/ul>\n\n\n\n<p><strong>2006<\/strong><\/p>\n\n\n\n<ul class=\"wp-block-list\">\n<li>Edita a Antologia \u201cTerra\u201d 1972 &#8211; 2006 Polifonias Alentejanas<\/li>\n<\/ul>\n\n\n\n<div class=\"wp-block-columns is-layout-flex wp-container-core-columns-is-layout-28f84493 wp-block-columns-is-layout-flex\">\n<div class=\"wp-block-column is-vertically-aligned-bottom is-layout-flow wp-block-column-is-layout-flow\">\n<p><strong>2015<\/strong><\/p>\n\n\n\n<ul class=\"wp-block-list\">\n<li>Edita &#8220;As Nuvens que andam no ar&#8221;<\/li>\n<\/ul>\n<\/div>\n\n\n\n<div class=\"wp-block-column is-layout-flow wp-block-column-is-layout-flow\">\n<figure class=\"wp-block-image alignright size-full\"><img loading=\"lazy\" decoding=\"async\" width=\"232\" height=\"156\" src=\"https:\/\/www.ganhoescastroverde.com.pt\/wp-content\/uploads\/2022\/09\/biografia_estudio.jpg\" alt=\"\" class=\"wp-image-172\"\/><\/figure>\n<\/div>\n<\/div>\n\n\n\n<div class=\"wp-block-columns is-layout-flex wp-container-core-columns-is-layout-28f84493 wp-block-columns-is-layout-flex\">\n<div class=\"wp-block-column is-vertically-aligned-bottom is-layout-flow wp-block-column-is-layout-flow\">\n<p><strong>2022<\/strong><\/p>\n\n\n\n<ul class=\"wp-block-list\">\n<li><strong>Comemora\u00e7\u00e3o dos 50 anos de forma\u00e7\u00e3o. A cantar desde 1972!<\/strong><\/li>\n\n\n\n<li>50 anos de uma hist\u00f3ria que importa contar! Celebr\u00e1mos esta efem\u00e9ride no Cineteatro Municipal de Castro Verde com um espet\u00e1culo com convidados especiais. Obrigado por tudo Dulce Pontes, Ricardo Ribeiro, Napole\u00e3o Mira e V\u00edtor Encarna\u00e7\u00e3o.<\/li>\n<\/ul>\n<\/div>\n\n\n\n<div class=\"wp-block-column is-layout-flow wp-block-column-is-layout-flow\">\n<figure class=\"wp-block-image alignright size-full\"><img decoding=\"async\" src=\"https:\/\/www.ganhoescastroverde.com.pt\/wp-content\/uploads\/2023\/10\/50_anos.jpg\" alt=\"Comemora\u00e7\u00e3o dos 50 anos\" class=\"wp-image-402\"\/><\/figure>\n<\/div>\n<\/div>\n\n\n\n<hr class=\"wp-block-separator has-text-color has-foreground-color has-alpha-channel-opacity has-foreground-background-color has-background is-style-dots\"\/>\n\n\n\n<p>Todos os anos o grupo regista um elevado n\u00famero de actua\u00e7\u00f5es, que v\u00e3o desde os interc\u00e2mbios de corais a salas de espect\u00e1culos e festivais tem\u00e1ticos, numa atitude constante de afirma\u00e7\u00e3o do cante alentejano.<\/p>\n\n\n<figure class=\"wp-block-post-featured-image\"><img loading=\"lazy\" decoding=\"async\" width=\"1920\" height=\"1079\" src=\"https:\/\/www.ganhoescastroverde.com.pt\/wp-content\/uploads\/2022\/09\/danca_evora_pb.jpg\" class=\"attachment-post-thumbnail size-post-thumbnail wp-post-image\" alt=\"\" style=\"object-fit:cover;\" srcset=\"https:\/\/www.ganhoescastroverde.com.pt\/wp-content\/uploads\/2022\/09\/danca_evora_pb.jpg 1920w, https:\/\/www.ganhoescastroverde.com.pt\/wp-content\/uploads\/2022\/09\/danca_evora_pb-300x169.jpg 300w, https:\/\/www.ganhoescastroverde.com.pt\/wp-content\/uploads\/2022\/09\/danca_evora_pb-1024x575.jpg 1024w, https:\/\/www.ganhoescastroverde.com.pt\/wp-content\/uploads\/2022\/09\/danca_evora_pb-768x432.jpg 768w, https:\/\/www.ganhoescastroverde.com.pt\/wp-content\/uploads\/2022\/09\/danca_evora_pb-1536x863.jpg 1536w\" sizes=\"auto, (max-width: 1920px) 100vw, 1920px\" \/><\/figure>","protected":false},"excerpt":{"rendered":"<p>Resumo Biogr\u00e1fico \u201cOs Ganh\u00f5es de Castro Verde\u201d 1972 1975 1980 1994 1995 1995 1997 2000 2001 2002 2003 2006 2015 2022 Todos os anos o grupo regista um elevado n\u00famero de actua\u00e7\u00f5es, que v\u00e3o desde os interc\u00e2mbios de corais a salas de espect\u00e1culos e festivais tem\u00e1ticos, numa atitude constante de afirma\u00e7\u00e3o do cante alentejano.<\/p>\n","protected":false},"author":1,"featured_media":178,"parent":0,"menu_order":0,"comment_status":"closed","ping_status":"closed","template":"","meta":{"footnotes":""},"class_list":["post-162","page","type-page","status-publish","has-post-thumbnail","hentry"],"_links":{"self":[{"href":"https:\/\/www.ganhoescastroverde.com.pt\/index.php?rest_route=\/wp\/v2\/pages\/162","targetHints":{"allow":["GET"]}}],"collection":[{"href":"https:\/\/www.ganhoescastroverde.com.pt\/index.php?rest_route=\/wp\/v2\/pages"}],"about":[{"href":"https:\/\/www.ganhoescastroverde.com.pt\/index.php?rest_route=\/wp\/v2\/types\/page"}],"author":[{"embeddable":true,"href":"https:\/\/www.ganhoescastroverde.com.pt\/index.php?rest_route=\/wp\/v2\/users\/1"}],"replies":[{"embeddable":true,"href":"https:\/\/www.ganhoescastroverde.com.pt\/index.php?rest_route=%2Fwp%2Fv2%2Fcomments&post=162"}],"version-history":[{"count":13,"href":"https:\/\/www.ganhoescastroverde.com.pt\/index.php?rest_route=\/wp\/v2\/pages\/162\/revisions"}],"predecessor-version":[{"id":405,"href":"https:\/\/www.ganhoescastroverde.com.pt\/index.php?rest_route=\/wp\/v2\/pages\/162\/revisions\/405"}],"wp:featuredmedia":[{"embeddable":true,"href":"https:\/\/www.ganhoescastroverde.com.pt\/index.php?rest_route=\/wp\/v2\/media\/178"}],"wp:attachment":[{"href":"https:\/\/www.ganhoescastroverde.com.pt\/index.php?rest_route=%2Fwp%2Fv2%2Fmedia&parent=162"}],"curies":[{"name":"wp","href":"https:\/\/api.w.org\/{rel}","templated":true}]}}