{"id":190,"date":"2022-09-11T17:17:28","date_gmt":"2022-09-11T17:17:28","guid":{"rendered":"https:\/\/www.ganhoescastroverde.com.pt\/?page_id=190"},"modified":"2023-10-04T22:08:07","modified_gmt":"2023-10-04T22:08:07","slug":"contactos","status":"publish","type":"page","link":"https:\/\/www.ganhoescastroverde.com.pt\/?page_id=190","title":{"rendered":"Contactos"},"content":{"rendered":"\n<h2 class=\"wp-block-heading\">Contactos<\/h2>\n\n\n<figure class=\"wp-block-post-featured-image\"><img loading=\"lazy\" decoding=\"async\" width=\"1920\" height=\"1080\" src=\"https:\/\/www.ganhoescastroverde.com.pt\/wp-content\/uploads\/2022\/09\/20171202_213314.jpg\" class=\"attachment-post-thumbnail size-post-thumbnail wp-post-image\" alt=\"\" style=\"object-fit:cover;\" srcset=\"https:\/\/www.ganhoescastroverde.com.pt\/wp-content\/uploads\/2022\/09\/20171202_213314.jpg 1920w, https:\/\/www.ganhoescastroverde.com.pt\/wp-content\/uploads\/2022\/09\/20171202_213314-300x169.jpg 300w, https:\/\/www.ganhoescastroverde.com.pt\/wp-content\/uploads\/2022\/09\/20171202_213314-1024x576.jpg 1024w, https:\/\/www.ganhoescastroverde.com.pt\/wp-content\/uploads\/2022\/09\/20171202_213314-768x432.jpg 768w, https:\/\/www.ganhoescastroverde.com.pt\/wp-content\/uploads\/2022\/09\/20171202_213314-1536x864.jpg 1536w\" sizes=\"auto, (max-width: 1920px) 100vw, 1920px\" \/><\/figure>\n\n\n<p><strong>ACA &#8211; Associa\u00e7\u00e3o de Cante Alentejano &#8220;Os Ganh\u00f5es&#8221;<\/strong><br>Edif\u00edcio da Biblioteca Municipal<br>Rua Ema J\u00falio Valente<br>7780-188 Castro Verde<\/p>\n\n\n\n<p>Telefone: 286 320 040 (Chamada para a rede fixa nacional)<\/p>\n\n\n\n<p>Correio eletr\u00f3nico: cante@ganhoescastroverde.com.pt<\/p>\n","protected":false},"excerpt":{"rendered":"<p>Contactos ACA &#8211; Associa\u00e7\u00e3o de Cante Alentejano &#8220;Os Ganh\u00f5es&#8221;Edif\u00edcio da Biblioteca MunicipalRua Ema J\u00falio Valente7780-188 Castro Verde Telefone: 286 320 040 (Chamada para a rede fixa nacional) Correio eletr\u00f3nico: cante@ganhoescastroverde.com.pt<\/p>\n","protected":false},"author":1,"featured_media":194,"parent":0,"menu_order":0,"comment_status":"closed","ping_status":"closed","template":"","meta":{"footnotes":""},"class_list":["post-190","page","type-page","status-publish","has-post-thumbnail","hentry"],"_links":{"self":[{"href":"https:\/\/www.ganhoescastroverde.com.pt\/index.php?rest_route=\/wp\/v2\/pages\/190","targetHints":{"allow":["GET"]}}],"collection":[{"href":"https:\/\/www.ganhoescastroverde.com.pt\/index.php?rest_route=\/wp\/v2\/pages"}],"about":[{"href":"https:\/\/www.ganhoescastroverde.com.pt\/index.php?rest_route=\/wp\/v2\/types\/page"}],"author":[{"embeddable":true,"href":"https:\/\/www.ganhoescastroverde.com.pt\/index.php?rest_route=\/wp\/v2\/users\/1"}],"replies":[{"embeddable":true,"href":"https:\/\/www.ganhoescastroverde.com.pt\/index.php?rest_route=%2Fwp%2Fv2%2Fcomments&post=190"}],"version-history":[{"count":8,"href":"https:\/\/www.ganhoescastroverde.com.pt\/index.php?rest_route=\/wp\/v2\/pages\/190\/revisions"}],"predecessor-version":[{"id":388,"href":"https:\/\/www.ganhoescastroverde.com.pt\/index.php?rest_route=\/wp\/v2\/pages\/190\/revisions\/388"}],"wp:featuredmedia":[{"embeddable":true,"href":"https:\/\/www.ganhoescastroverde.com.pt\/index.php?rest_route=\/wp\/v2\/media\/194"}],"wp:attachment":[{"href":"https:\/\/www.ganhoescastroverde.com.pt\/index.php?rest_route=%2Fwp%2Fv2%2Fmedia&parent=190"}],"curies":[{"name":"wp","href":"https:\/\/api.w.org\/{rel}","templated":true}]}}