{"id":39,"date":"2022-09-09T15:08:00","date_gmt":"2022-09-09T15:08:00","guid":{"rendered":"https:\/\/www.ganhoescastroverde.com.pt\/?page_id=39"},"modified":"2023-10-04T22:10:41","modified_gmt":"2023-10-04T22:10:41","slug":"contextualizacao","status":"publish","type":"page","link":"https:\/\/www.ganhoescastroverde.com.pt\/?page_id=39","title":{"rendered":"Contextualiza\u00e7\u00e3o"},"content":{"rendered":"\n<h2 class=\"wp-block-heading\">Contextualiza\u00e7\u00e3o<\/h2>\n\n\n\n<p><strong>Castro Verde, Uma Janela Sobre a Plan\u00edcie<\/strong><\/p>\n\n\n\n<p class=\"has-drop-cap\">Castro Verde situa-se no sul de Portugal, nas longas e extensas plan\u00edcies do distrito de Beja, em pleno cora\u00e7\u00e3o do chamado \u201cCampo Branco\u201d. \u00c9 uma regi\u00e3o de terras ch\u00e3s onde a vista se perde at\u00e9 ao horizonte. Os solos s\u00e3o pobres de qualidade na superf\u00edcie, mas ricos em min\u00e9rio no seu interior, que ao longo da hist\u00f3ria e at\u00e9 aos nossos dias tem sido explorado pelo homem. Atravessado por uma das mais ricas prov\u00edncias metalog\u00e9nicas da Pen\u00ednsula Ib\u00e9rica, a Faixa Piritosa, o concelho alberga actualmente uma das mais importantes ind\u00fastrias extractivas do nosso pa\u00eds, a Somincor.<\/p>\n\n\n\n<figure class=\"wp-block-image alignwide size-large\"><img loading=\"lazy\" decoding=\"async\" width=\"1024\" height=\"324\" src=\"https:\/\/www.ganhoescastroverde.com.pt\/wp-content\/uploads\/2022\/09\/20200124_155133-1024x324.jpg\" alt=\"\" class=\"wp-image-216\" srcset=\"https:\/\/www.ganhoescastroverde.com.pt\/wp-content\/uploads\/2022\/09\/20200124_155133-1024x324.jpg 1024w, https:\/\/www.ganhoescastroverde.com.pt\/wp-content\/uploads\/2022\/09\/20200124_155133-300x95.jpg 300w, https:\/\/www.ganhoescastroverde.com.pt\/wp-content\/uploads\/2022\/09\/20200124_155133-768x243.jpg 768w, https:\/\/www.ganhoescastroverde.com.pt\/wp-content\/uploads\/2022\/09\/20200124_155133-1536x486.jpg 1536w, https:\/\/www.ganhoescastroverde.com.pt\/wp-content\/uploads\/2022\/09\/20200124_155133.jpg 1920w\" sizes=\"auto, (max-width: 1024px) 100vw, 1024px\" \/><\/figure>\n\n\n\n<p>Turdetanos, romanos e \u00e1rabes deixaram aqui marcas da sua passagem, mas a heran\u00e7a mais vis\u00edvel foi legada pelos Crist\u00e3os do Norte e pela Reconquista. Reza a tradi\u00e7\u00e3o que foi em S. Pedro das Cabe\u00e7as que se deu a Batalha de Ourique, e nas mais belas igrejas de Castro Verde, pinturas e azulejos n\u00e3o deixam morrer a lenda de que Cristo teria aparecido a D. Afonso Henriques antes da famosa batalha. Estas foram tamb\u00e9m terras do dom\u00ednio dos cavaleiros de Santiago.<\/p>\n\n\n\n<p>Hoje quem se demorar na vasta plan\u00edcie, o Campo Branco, poder\u00e1 descobrir uma natureza sem igual. Vale a pena visitar pequenas aldeias e montes. Vale a pena ouvir o cante alentejano e o som da viola Campani\u00e7a. Os amantes da natureza poder\u00e3o apreciar aqui uma das mais ricas zonas de avifauna de todo o pa\u00eds, recentemente classificada como zona de protec\u00e7\u00e3o especial.<\/p>\n\n\n\n<p>As estepes, ou campos de pousio, onde pastam os rebanhos de ovelhas proporcionam alguns dos produtos e acepipes mais caracter\u00edsticos do concelho: as mantas de l\u00e3 feitas em teares manuais, o queijo Campani\u00e7o ou Serpa, o delicioso ensopado de Borrego. Todo o artesanato e iguarias da regi\u00e3o se re\u00fanem uma vez por ano em Castro Verde, na maior feira do Sul. \u00c9 a grande Feira de Outubro, a Feira de Castro, que enche de gente a vila e oferece todo a esp\u00e9cie de produtos.<\/p>\n\n\n\n<p>Entre a natureza, o passado e o presente Castro Verde ainda \u00e9 uma imagem de harmonia projectada para o futuro.<\/p>\n\n\n\n<p><strong>Concelho de Castro Verde<\/strong><\/p>\n\n\n\n<ul class=\"wp-block-list\">\n<li>\u00c1rea: 567 Km2<\/li>\n\n\n\n<li>Popula\u00e7\u00e3o: 8 000 habitantes<\/li>\n\n\n\n<li>Freguesias: Cas\u00e9vel, Castro Verde, Entradas, Santa B\u00e1rbara dos Padr\u00f5es e S. Marcos da Atabueira.<\/li>\n\n\n\n<li>Economia: agricultura, pecu\u00e1ria, ind\u00fastria extractiva, servi\u00e7os e pequeno com\u00e9rcio.<\/li>\n\n\n\n<li>Acessibilidades: A2 (185 Km Lisboa \u2013 95 Km Faro), IP2 (125 Km \u00c9vora), EN 2.<\/li>\n<\/ul>\n\n\n<figure class=\"wp-block-post-featured-image\"><img loading=\"lazy\" decoding=\"async\" width=\"1440\" height=\"679\" src=\"https:\/\/www.ganhoescastroverde.com.pt\/wp-content\/uploads\/2022\/09\/horizonte.jpg\" class=\"attachment-post-thumbnail size-post-thumbnail wp-post-image\" alt=\"\" style=\"object-fit:cover;\" srcset=\"https:\/\/www.ganhoescastroverde.com.pt\/wp-content\/uploads\/2022\/09\/horizonte.jpg 1440w, https:\/\/www.ganhoescastroverde.com.pt\/wp-content\/uploads\/2022\/09\/horizonte-300x141.jpg 300w, https:\/\/www.ganhoescastroverde.com.pt\/wp-content\/uploads\/2022\/09\/horizonte-1024x483.jpg 1024w, https:\/\/www.ganhoescastroverde.com.pt\/wp-content\/uploads\/2022\/09\/horizonte-768x362.jpg 768w\" sizes=\"auto, (max-width: 1440px) 100vw, 1440px\" \/><\/figure>","protected":false},"excerpt":{"rendered":"<p>Contextualiza\u00e7\u00e3o Castro Verde, Uma Janela Sobre a Plan\u00edcie Castro Verde situa-se no sul de Portugal, nas longas e extensas plan\u00edcies do distrito de Beja, em pleno cora\u00e7\u00e3o do chamado \u201cCampo Branco\u201d. \u00c9 uma regi\u00e3o de terras ch\u00e3s onde a vista se perde at\u00e9 ao horizonte. Os solos s\u00e3o pobres de qualidade na superf\u00edcie, mas ricos [&hellip;]<\/p>\n","protected":false},"author":1,"featured_media":218,"parent":0,"menu_order":0,"comment_status":"closed","ping_status":"closed","template":"","meta":{"footnotes":""},"class_list":["post-39","page","type-page","status-publish","has-post-thumbnail","hentry"],"_links":{"self":[{"href":"https:\/\/www.ganhoescastroverde.com.pt\/index.php?rest_route=\/wp\/v2\/pages\/39","targetHints":{"allow":["GET"]}}],"collection":[{"href":"https:\/\/www.ganhoescastroverde.com.pt\/index.php?rest_route=\/wp\/v2\/pages"}],"about":[{"href":"https:\/\/www.ganhoescastroverde.com.pt\/index.php?rest_route=\/wp\/v2\/types\/page"}],"author":[{"embeddable":true,"href":"https:\/\/www.ganhoescastroverde.com.pt\/index.php?rest_route=\/wp\/v2\/users\/1"}],"replies":[{"embeddable":true,"href":"https:\/\/www.ganhoescastroverde.com.pt\/index.php?rest_route=%2Fwp%2Fv2%2Fcomments&post=39"}],"version-history":[{"count":12,"href":"https:\/\/www.ganhoescastroverde.com.pt\/index.php?rest_route=\/wp\/v2\/pages\/39\/revisions"}],"predecessor-version":[{"id":392,"href":"https:\/\/www.ganhoescastroverde.com.pt\/index.php?rest_route=\/wp\/v2\/pages\/39\/revisions\/392"}],"wp:featuredmedia":[{"embeddable":true,"href":"https:\/\/www.ganhoescastroverde.com.pt\/index.php?rest_route=\/wp\/v2\/media\/218"}],"wp:attachment":[{"href":"https:\/\/www.ganhoescastroverde.com.pt\/index.php?rest_route=%2Fwp%2Fv2%2Fmedia&parent=39"}],"curies":[{"name":"wp","href":"https:\/\/api.w.org\/{rel}","templated":true}]}}