{"id":67,"date":"2022-09-10T10:51:41","date_gmt":"2022-09-10T10:51:41","guid":{"rendered":"https:\/\/www.ganhoescastroverde.com.pt\/?page_id=67"},"modified":"2024-06-08T16:25:38","modified_gmt":"2024-06-08T16:25:38","slug":"os-ganhoes-de-castro-verde","status":"publish","type":"page","link":"https:\/\/www.ganhoescastroverde.com.pt\/","title":{"rendered":"P\u00e1gina inicial"},"content":{"rendered":"\n<blockquote class=\"wp-block-quote is-style-default has-tertiary-background-color has-background is-layout-flow wp-block-quote-is-layout-flow\">\n<p>\u201cOs Ganh\u00f5es\u201d de Castro Verde conhecem o tamanho das palavras que cantam. Palavras singelas: terra, sol, Alentejo: palavras imensas. \u201cOs Ganh\u00f5es\u201d cantam o sentido dessas palavras t\u00e3o grandes. E as suas vozes, espalhadas sobre a terra, entram dentro da gente e s\u00e3o infinitas<\/p>\n<cite>Jos\u00e9 Lu\u00eds Peixoto<\/cite><\/blockquote>\n\n\n\n<div class=\"alignnormal\"><div id=\"metaslider-id-238\" style=\"width: 100%;\" class=\"ml-slider-3-108-0 metaslider metaslider-nivo metaslider-238 ml-slider has-dots-nav ms-theme-default\" role=\"region\" aria-label=\"New Slideshow\" data-height=\"473\" data-width=\"1000\">\n    <div id=\"metaslider_container_238\">\n        <div class='slider-wrapper theme-default'><div class='ribbon'><\/div><div id='metaslider_238' class='nivoSlider'><img loading=\"lazy\" decoding=\"async\" src=\"https:\/\/www.ganhoescastroverde.com.pt\/wp-content\/uploads\/2022\/09\/naAcorda-1000x473.jpg\" height=\"473\" width=\"1000\" title=\"naAcorda\" alt=\"\" class=\"slider-238 slide-504 msDefaultImage\" \/><img loading=\"lazy\" decoding=\"async\" src=\"https:\/\/www.ganhoescastroverde.com.pt\/wp-content\/uploads\/2022\/09\/emSerpa-1000x473.jpg\" height=\"473\" width=\"1000\" title=\"emSerpa\" alt=\"\" class=\"slider-238 slide-505 msDefaultImage\" \/><img loading=\"lazy\" decoding=\"async\" src=\"https:\/\/www.ganhoescastroverde.com.pt\/wp-content\/uploads\/2022\/09\/comRicardoRibeiro-1000x473.jpg\" height=\"473\" width=\"1000\" title=\"comRicardoRibeiro\" alt=\"\" class=\"slider-238 slide-506 msDefaultImage\" \/><img loading=\"lazy\" decoding=\"async\" src=\"https:\/\/www.ganhoescastroverde.com.pt\/wp-content\/uploads\/2024\/06\/comDacca-1000x473.jpg\" height=\"473\" width=\"1000\" title=\"comDac\u00e7a\" alt=\"\" class=\"slider-238 slide-507 msDefaultImage\" \/><img loading=\"lazy\" decoding=\"async\" src=\"https:\/\/www.ganhoescastroverde.com.pt\/wp-content\/uploads\/2024\/06\/naDanca1-1000x473.jpg\" height=\"473\" width=\"1000\" title=\"naDan\u00e7a1\" alt=\"\" class=\"slider-238 slide-508 msDefaultImage\" \/><img loading=\"lazy\" decoding=\"async\" src=\"https:\/\/www.ganhoescastroverde.com.pt\/wp-content\/uploads\/2024\/06\/naDanca-1000x473.jpg\" height=\"473\" width=\"1000\" title=\"naDan\u00e7a\" alt=\"\" class=\"slider-238 slide-509 msDefaultImage\" \/><img loading=\"lazy\" decoding=\"async\" src=\"https:\/\/www.ganhoescastroverde.com.pt\/wp-content\/uploads\/2024\/06\/naAdega-1000x473.jpg\" height=\"473\" width=\"1000\" title=\"naAdega\" alt=\"\" class=\"slider-238 slide-510 msDefaultImage\" \/><\/div><\/div>\n        \n    <\/div>\n<\/div><\/div>\n\n\n\n<figure class=\"wp-block-image size-full has-custom-border\"><img loading=\"lazy\" decoding=\"async\" width=\"2000\" height=\"624\" src=\"https:\/\/www.ganhoescastroverde.com.pt\/wp-content\/uploads\/2022\/09\/topo_1-4.jpg\" alt=\"\" class=\"wp-image-35\" style=\"border-radius:0px\" srcset=\"https:\/\/www.ganhoescastroverde.com.pt\/wp-content\/uploads\/2022\/09\/topo_1-4.jpg 2000w, https:\/\/www.ganhoescastroverde.com.pt\/wp-content\/uploads\/2022\/09\/topo_1-4-300x94.jpg 300w, https:\/\/www.ganhoescastroverde.com.pt\/wp-content\/uploads\/2022\/09\/topo_1-4-1024x319.jpg 1024w, https:\/\/www.ganhoescastroverde.com.pt\/wp-content\/uploads\/2022\/09\/topo_1-4-768x240.jpg 768w, https:\/\/www.ganhoescastroverde.com.pt\/wp-content\/uploads\/2022\/09\/topo_1-4-1536x479.jpg 1536w\" sizes=\"auto, (max-width: 2000px) 100vw, 2000px\" \/><\/figure>\n","protected":false},"excerpt":{"rendered":"<p>\u201cOs Ganh\u00f5es\u201d de Castro Verde conhecem o tamanho das palavras que cantam. Palavras singelas: terra, sol, Alentejo: palavras imensas. \u201cOs Ganh\u00f5es\u201d cantam o sentido dessas palavras t\u00e3o grandes. E as suas vozes, espalhadas sobre a terra, entram dentro da gente e s\u00e3o infinitas Jos\u00e9 Lu\u00eds Peixoto<\/p>\n","protected":false},"author":1,"featured_media":0,"parent":0,"menu_order":0,"comment_status":"closed","ping_status":"closed","template":"","meta":{"footnotes":""},"class_list":["post-67","page","type-page","status-publish","hentry"],"_links":{"self":[{"href":"https:\/\/www.ganhoescastroverde.com.pt\/index.php?rest_route=\/wp\/v2\/pages\/67","targetHints":{"allow":["GET"]}}],"collection":[{"href":"https:\/\/www.ganhoescastroverde.com.pt\/index.php?rest_route=\/wp\/v2\/pages"}],"about":[{"href":"https:\/\/www.ganhoescastroverde.com.pt\/index.php?rest_route=\/wp\/v2\/types\/page"}],"author":[{"embeddable":true,"href":"https:\/\/www.ganhoescastroverde.com.pt\/index.php?rest_route=\/wp\/v2\/users\/1"}],"replies":[{"embeddable":true,"href":"https:\/\/www.ganhoescastroverde.com.pt\/index.php?rest_route=%2Fwp%2Fv2%2Fcomments&post=67"}],"version-history":[{"count":15,"href":"https:\/\/www.ganhoescastroverde.com.pt\/index.php?rest_route=\/wp\/v2\/pages\/67\/revisions"}],"predecessor-version":[{"id":511,"href":"https:\/\/www.ganhoescastroverde.com.pt\/index.php?rest_route=\/wp\/v2\/pages\/67\/revisions\/511"}],"wp:attachment":[{"href":"https:\/\/www.ganhoescastroverde.com.pt\/index.php?rest_route=%2Fwp%2Fv2%2Fmedia&parent=67"}],"curies":[{"name":"wp","href":"https:\/\/api.w.org\/{rel}","templated":true}]}}