{"id":96,"date":"2022-09-11T13:04:31","date_gmt":"2022-09-11T13:04:31","guid":{"rendered":"https:\/\/www.ganhoescastroverde.com.pt\/?page_id=96"},"modified":"2022-09-11T15:19:47","modified_gmt":"2022-09-11T15:19:47","slug":"aca","status":"publish","type":"page","link":"https:\/\/www.ganhoescastroverde.com.pt\/?page_id=96","title":{"rendered":"ACA"},"content":{"rendered":"\n<h2 class=\"wp-block-heading\">A.C.A.<\/h2>\n\n\n\n<p>Associa\u00e7\u00e3o de Cante Alentejano<\/p>\n\n\n\n<p>Objectivos<\/p>\n\n\n\n<ul class=\"wp-block-list\"><li>Preserva\u00e7\u00e3o e divulga\u00e7\u00e3o do cante alentejano;<\/li><li>Preserva\u00e7\u00e3o dos usos e costumes do concelho de Castro Verde<\/li><li>Manter em funcionamento grupos corais de cante alentejano<\/li><li>Promover ac\u00e7\u00f5es por sua iniciativa ou colaborar com outras entidades, com vista \u00e0 referida preserva\u00e7\u00e3o e divulga\u00e7\u00e3o do cante alentejano<\/li><li>Filiar-se em organismos nacionais e internacionais, de acordo com as necessidades da realiza\u00e7\u00e3o do objecto e fins da Associa\u00e7\u00e3o.<\/li><\/ul>\n\n\n\n<p>S\u00f3cios<br>Os interessados devem fazer o pedido por escrito \u00e0 associa\u00e7\u00e3o e aguardar o envio de informa\u00e7\u00e3o sobre as duas modalidades de s\u00f3cio: Efectivo e Contribuinte.<\/p>\n","protected":false},"excerpt":{"rendered":"<p>A.C.A. Associa\u00e7\u00e3o de Cante Alentejano Objectivos Preserva\u00e7\u00e3o e divulga\u00e7\u00e3o do cante alentejano; Preserva\u00e7\u00e3o dos usos e costumes do concelho de Castro Verde Manter em funcionamento grupos corais de cante alentejano Promover ac\u00e7\u00f5es por sua iniciativa ou colaborar com outras entidades, com vista \u00e0 referida preserva\u00e7\u00e3o e divulga\u00e7\u00e3o do cante alentejano Filiar-se em organismos nacionais e [&hellip;]<\/p>\n","protected":false},"author":1,"featured_media":0,"parent":0,"menu_order":0,"comment_status":"closed","ping_status":"closed","template":"","meta":{"footnotes":""},"class_list":["post-96","page","type-page","status-publish","hentry"],"_links":{"self":[{"href":"https:\/\/www.ganhoescastroverde.com.pt\/index.php?rest_route=\/wp\/v2\/pages\/96","targetHints":{"allow":["GET"]}}],"collection":[{"href":"https:\/\/www.ganhoescastroverde.com.pt\/index.php?rest_route=\/wp\/v2\/pages"}],"about":[{"href":"https:\/\/www.ganhoescastroverde.com.pt\/index.php?rest_route=\/wp\/v2\/types\/page"}],"author":[{"embeddable":true,"href":"https:\/\/www.ganhoescastroverde.com.pt\/index.php?rest_route=\/wp\/v2\/users\/1"}],"replies":[{"embeddable":true,"href":"https:\/\/www.ganhoescastroverde.com.pt\/index.php?rest_route=%2Fwp%2Fv2%2Fcomments&post=96"}],"version-history":[{"count":4,"href":"https:\/\/www.ganhoescastroverde.com.pt\/index.php?rest_route=\/wp\/v2\/pages\/96\/revisions"}],"predecessor-version":[{"id":138,"href":"https:\/\/www.ganhoescastroverde.com.pt\/index.php?rest_route=\/wp\/v2\/pages\/96\/revisions\/138"}],"wp:attachment":[{"href":"https:\/\/www.ganhoescastroverde.com.pt\/index.php?rest_route=%2Fwp%2Fv2%2Fmedia&parent=96"}],"curies":[{"name":"wp","href":"https:\/\/api.w.org\/{rel}","templated":true}]}}